{"id":123,"date":"2024-02-29T01:25:05","date_gmt":"2024-02-29T01:25:05","guid":{"rendered":"https:\/\/proyectosappicua.com\/mujeryfuturo\/familias-que-hablan\/?page_id=123"},"modified":"2024-03-14T16:03:04","modified_gmt":"2024-03-14T16:03:04","slug":"claves-para-jugar","status":"publish","type":"page","link":"https:\/\/mujeryfuturo.org\/familias-que-hablan\/claves-para-jugar\/","title":{"rendered":"Claves para jugar"},"content":{"rendered":"\n<div class=\"wp-block-columns is-layout-flex wp-container-core-columns-is-layout-9d6595d7 wp-block-columns-is-layout-flex\">\n<div class=\"wp-block-column is-layout-flow wp-block-column-is-layout-flow\">\n<p class=\"titu-inter has-text-color has-link-color wp-elements-e901930c5d4839a9802a3fc6584c849e\" style=\"color:#ec0194\">Claves para jugar<\/p>\n<\/div>\n\n\n\n<div class=\"wp-block-column box-claves is-layout-flow wp-block-column-is-layout-flow\">\n<div class=\"wp-block-group line-item is-nowrap is-layout-flex wp-container-core-group-is-layout-ad2f72ca wp-block-group-is-layout-flex\">\n<p class=\"has-text-color has-link-color wp-elements-8de7246168748798adf3c8ff4ea52690 wp-container-content-d495dc90\" style=\"color:#ec0194\">1.<\/p>\n\n\n\n<p class=\"has-text-color has-link-color wp-elements-86c9e6ab332dd38a942fa7fa501289cb wp-container-content-d5f9fbbb\" style=\"color:#ec0194\">Jueguen \u00abPiedra, papel o tijera\u00bb para decidir quien inicia. Los turnos contin\u00faan hacia la izquierda.<\/p>\n<\/div>\n\n\n\n<hr class=\"wp-block-separator has-alpha-channel-opacity line-claves\"\/>\n\n\n\n<div class=\"wp-block-group line-item is-nowrap is-layout-flex wp-container-core-group-is-layout-ad2f72ca wp-block-group-is-layout-flex\">\n<p class=\"has-text-color has-link-color wp-elements-786f169d106e67ae953b1ea3c26bb6dc wp-container-content-d495dc90\" style=\"color:#ec0194\">2.<\/p>\n\n\n\n<p class=\"has-text-color has-link-color wp-elements-d8eb7720673d19e0be10d515a1b45a18 wp-container-content-d5f9fbbb\" style=\"color:#ec0194\">Quien tiene el primer turno da clic a la ruleta.<\/p>\n<\/div>\n\n\n\n<hr class=\"wp-block-separator has-alpha-channel-opacity line-claves\"\/>\n\n\n\n<div class=\"wp-block-group line-item is-nowrap is-layout-flex wp-container-core-group-is-layout-ad2f72ca wp-block-group-is-layout-flex\">\n<p class=\"has-text-color has-link-color wp-elements-df3cc32c74ad2d897f5ab2764497cc7f wp-container-content-d495dc90\" style=\"color:#ec0194\">3.<\/p>\n\n\n\n<p class=\"has-text-color has-link-color wp-elements-59e4e4fd789e604c8c5788566ed53ed7 wp-container-content-d5f9fbbb\" style=\"color:#ec0194\">La ruleta te mostrar\u00e1 la categor\u00eda elegida, de la cual aldr\u00e1 una carta al azar con un reto o pregunta que este jugador deber\u00e1 leer en voz alta.<\/p>\n<\/div>\n\n\n\n<hr class=\"wp-block-separator has-alpha-channel-opacity line-claves\"\/>\n\n\n\n<div class=\"wp-block-group line-item is-nowrap is-layout-flex wp-container-core-group-is-layout-ad2f72ca wp-block-group-is-layout-flex\">\n<p class=\"has-text-color has-link-color wp-elements-cd34a88de5fa4a70e1baef807b47babc wp-container-content-d495dc90\" style=\"color:#ec0194\">4.<\/p>\n\n\n\n<p class=\"has-text-color has-link-color wp-elements-d1a5e4a569257b5042ab252f7ff33ac7 wp-container-content-d5f9fbbb\" style=\"color:#ec0194\">Una vez realicen el reto o la pregunta, seg\u00fan corresponda, el jugador que est\u00e1 a la izquierda sigue para dar clic a la ruleta, y as\u00ed sucesivamente.<\/p>\n<\/div>\n\n\n\n<hr class=\"wp-block-separator has-alpha-channel-opacity line-claves\"\/>\n\n\n\n<div class=\"wp-block-group is-nowrap is-layout-flex wp-container-core-group-is-layout-ad2f72ca wp-block-group-is-layout-flex\">\n<p class=\"has-text-color has-link-color wp-elements-8abc0c2aa12359eb3c2f24efafd91754 wp-container-content-d495dc90\" style=\"color:#ec0194\">5.<\/p>\n\n\n\n<p class=\"has-text-color has-link-color wp-elements-bb32c645284036091778a65922ffadfd wp-container-content-d5f9fbbb\" style=\"color:#ec0194\">Lleven un conteo de las categor\u00edas que cada uno ha sacado, pues el juego termina cuando un participante haya logrado tener una carta de cada color. Esta persona deber\u00e1 decir en voz alta \u00abFamilias que hablan\u00bb.<\/p>\n<\/div>\n\n\n\n<hr class=\"wp-block-separator has-alpha-channel-opacity line-claves\"\/>\n\n\n\n<a class=\"btn-volver interna\" href=\"https:\/\/proyectosappicua.com\/mujeryfuturo\/familias-que-hablan\/\" data-type=\"page\" data-id=\"106\">&lt; Volver<\/a>\n<\/div>\n<\/div>\n","protected":false},"excerpt":{"rendered":"<p>Claves para jugar 1. Jueguen \u00abPiedra, papel o tijera\u00bb para decidir quien inicia. Los turnos contin\u00faan hacia la izquierda. 2. Quien tiene el primer turno da clic a la ruleta. 3. La ruleta te mostrar\u00e1 la categor\u00eda elegida, de la cual aldr\u00e1 una carta al azar con un reto o pregunta que este jugador deber\u00e1 [&hellip;]<\/p>\n","protected":false},"author":1,"featured_media":0,"parent":0,"menu_order":3,"comment_status":"closed","ping_status":"closed","template":"page-nosidebar.php","meta":{"_acf_changed":false,"footnotes":""},"class_list":["post-123","page","type-page","status-publish","hentry"],"acf":[],"_links":{"self":[{"href":"https:\/\/mujeryfuturo.org\/familias-que-hablan\/wp-json\/wp\/v2\/pages\/123","targetHints":{"allow":["GET"]}}],"collection":[{"href":"https:\/\/mujeryfuturo.org\/familias-que-hablan\/wp-json\/wp\/v2\/pages"}],"about":[{"href":"https:\/\/mujeryfuturo.org\/familias-que-hablan\/wp-json\/wp\/v2\/types\/page"}],"author":[{"embeddable":true,"href":"https:\/\/mujeryfuturo.org\/familias-que-hablan\/wp-json\/wp\/v2\/users\/1"}],"replies":[{"embeddable":true,"href":"https:\/\/mujeryfuturo.org\/familias-que-hablan\/wp-json\/wp\/v2\/comments?post=123"}],"version-history":[{"count":15,"href":"https:\/\/mujeryfuturo.org\/familias-que-hablan\/wp-json\/wp\/v2\/pages\/123\/revisions"}],"predecessor-version":[{"id":616,"href":"https:\/\/mujeryfuturo.org\/familias-que-hablan\/wp-json\/wp\/v2\/pages\/123\/revisions\/616"}],"wp:attachment":[{"href":"https:\/\/mujeryfuturo.org\/familias-que-hablan\/wp-json\/wp\/v2\/media?parent=123"}],"curies":[{"name":"wp","href":"https:\/\/api.w.org\/{rel}","templated":true}]}}